{"id":4328,"date":"2026-04-25T10:12:07","date_gmt":"2026-04-25T14:12:07","guid":{"rendered":"https:\/\/atv-vtteo.org\/alertes-sur-les-sentiers\/"},"modified":"2026-04-27T16:55:31","modified_gmt":"2026-04-27T20:55:31","slug":"alertes-sur-les-sentiers","status":"publish","type":"page","link":"https:\/\/atv-vtteo.org\/fr\/alertes-sur-les-sentiers\/","title":{"rendered":"Alertes sur les sentiers"},"content":{"rendered":"\n<div class=\"wp-block-cover is-light\"><img loading=\"lazy\" decoding=\"async\" width=\"768\" height=\"1024\" class=\"wp-block-cover__image-background wp-image-4312 size-large\" alt=\"\" src=\"https:\/\/atv-vtteo.org\/wp-content\/uploads\/2026\/04\/photo_0725-768x1024.jpg\" data-object-fit=\"cover\" srcset=\"https:\/\/atv-vtteo.org\/wp-content\/uploads\/2026\/04\/photo_0725-768x1024.jpg 768w, https:\/\/atv-vtteo.org\/wp-content\/uploads\/2026\/04\/photo_0725-225x300.jpg 225w, https:\/\/atv-vtteo.org\/wp-content\/uploads\/2026\/04\/photo_0725-1152x1536.jpg 1152w, https:\/\/atv-vtteo.org\/wp-content\/uploads\/2026\/04\/photo_0725-200x267.jpg 200w, https:\/\/atv-vtteo.org\/wp-content\/uploads\/2026\/04\/photo_0725.jpg 1536w\" sizes=\"auto, (max-width: 768px) 100vw, 768px\" \/><span aria-hidden=\"true\" class=\"wp-block-cover__background has-background-dim\" style=\"background-color:#8e847a\"><\/span><div class=\"wp-block-cover__inner-container is-layout-constrained wp-block-cover-is-layout-constrained\">\n<h2 class=\"wp-block-heading has-text-align-center has-light-gray-color has-text-color has-link-color wp-elements-8105ef672494e16d221e1f88047c3b53\" style=\"letter-spacing:50px;text-transform:uppercase\">ATTENTION<\/h2>\n<\/div><\/div>\n    <div class=\"atvceo-alerts-list\">\n            <div class=\"atvceo-alert-card atvceo-alert-card--closed\">\n\n            <div class=\"atvceo-alert-card__stripe\"><\/div>\n\n            <div class=\"atvceo-alert-card__icon\" aria-hidden=\"true\">\n                \ud83d\udeab            <\/div>\n\n            <div class=\"atvceo-alert-card__body\">\n                <div class=\"atvceo-alert-card__type\">\n                    Sentier ferm\u00e9                <\/div>\n                <div class=\"atvceo-alert-card__title\">\n                    SENTIERS FERM\u00c9S                <\/div>\n                <div class=\"atvceo-alert-card__message\">\n                    P\u00e9riode de d\u00e9gel, sentiers ferm\u00e9s jusqu&rsquo;au 15 mai.                <\/div>\n            <\/div>\n\n            <div class=\"atvceo-alert-card__meta\">\n                <div class=\"atvceo-alert-card__date\">\n                    Avr 25, 2026                <\/div>\n                            <\/div>\n\n        <\/div>\n            <\/div>\n    \n\n<figure class=\"wp-block-image\"><img decoding=\"async\" src=\"https:\/\/atv-vtteo.org\/wp-content\/uploads\/2026\/03\/cropped-logo-transparent.png\" alt=\"Ic&#xF4;ne du site\"\/><\/figure>\n\n<p><\/p>\n","protected":false},"excerpt":{"rendered":"","protected":false},"author":1,"featured_media":0,"parent":0,"menu_order":0,"comment_status":"closed","ping_status":"closed","template":"page-templates\/empty-page.php","meta":{"_acf_changed":false,"footnotes":""},"class_list":["post-4328","page","type-page","status-publish","hentry"],"acf":[],"_links":{"self":[{"href":"https:\/\/atv-vtteo.org\/fr\/wp-json\/wp\/v2\/pages\/4328","targetHints":{"allow":["GET"]}}],"collection":[{"href":"https:\/\/atv-vtteo.org\/fr\/wp-json\/wp\/v2\/pages"}],"about":[{"href":"https:\/\/atv-vtteo.org\/fr\/wp-json\/wp\/v2\/types\/page"}],"author":[{"embeddable":true,"href":"https:\/\/atv-vtteo.org\/fr\/wp-json\/wp\/v2\/users\/1"}],"replies":[{"embeddable":true,"href":"https:\/\/atv-vtteo.org\/fr\/wp-json\/wp\/v2\/comments?post=4328"}],"version-history":[{"count":1,"href":"https:\/\/atv-vtteo.org\/fr\/wp-json\/wp\/v2\/pages\/4328\/revisions"}],"predecessor-version":[{"id":4329,"href":"https:\/\/atv-vtteo.org\/fr\/wp-json\/wp\/v2\/pages\/4328\/revisions\/4329"}],"wp:attachment":[{"href":"https:\/\/atv-vtteo.org\/fr\/wp-json\/wp\/v2\/media?parent=4328"}],"curies":[{"name":"wp","href":"https:\/\/api.w.org\/{rel}","templated":true}]}}